{"id":34,"date":"2018-06-08T23:04:24","date_gmt":"2018-06-08T21:04:24","guid":{"rendered":"http:\/\/root.fpnordland.de\/fpn18\/?page_id=34"},"modified":"2024-11-12T18:33:13","modified_gmt":"2024-11-12T17:33:13","slug":"anmeldung","status":"publish","type":"page","link":"http:\/\/fpnordland.de\/?page_id=34","title":{"rendered":"Mitglied werden"},"content":{"rendered":"<p><strong><span style=\"color: #ff0000;\">Was ist das besondere an uns?<\/span><br \/>\n<\/strong><span style=\"font-size: 11pt;\">An erster Stelle steht bei uns nat\u00fcrlich der Spa\u00df und das Abenteuer: Spielen, Zelten, Wandern, Kanufahren, Lagerfeuer und noch vieles mehr!<br \/>\nEinmal in der Woche findet ein 2-st\u00fcndiges Gruppentreffen (Heimabend) statt und es werden regelm\u00e4\u00dfige Wochenendfahrten organisiert. Schon 12-j\u00e4hrige k\u00f6nnen an unserer 3-w\u00f6chigen Sommergro\u00dffahrt teilnehmen und ihr erstes gro\u00dfes Abenteuer in fremden L\u00e4ndern erleben.<br \/>\nAnders als bei anderen Vereinen bleiben die Kinder und Jugendlichen zum Teil jahrelang in der gleichen Kleingruppe (Sippe) und es entwickeln sich untereinander oft echte Freundschaften.<br \/>\n<\/span><\/p>\n<p><strong><span style=\"color: #ff0000;\"><img loading=\"lazy\" decoding=\"async\" src=\"http:\/\/root.fpnordland.de\/fpn18\/wp-content\/uploads\/2018\/06\/30850042_10214400566001089_1506642421_o-300x225.jpg\" alt=\"\" class=\"alignnone size-medium wp-image-56\" width=\"300\" height=\"225\" srcset=\"http:\/\/fpnordland.de\/wp-content\/uploads\/2018\/06\/30850042_10214400566001089_1506642421_o-300x225.jpg 300w, http:\/\/fpnordland.de\/wp-content\/uploads\/2018\/06\/30850042_10214400566001089_1506642421_o-768x576.jpg 768w, http:\/\/fpnordland.de\/wp-content\/uploads\/2018\/06\/30850042_10214400566001089_1506642421_o-1024x768.jpg 1024w, http:\/\/fpnordland.de\/wp-content\/uploads\/2018\/06\/30850042_10214400566001089_1506642421_o.jpg 2048w\" sizes=\"auto, (max-width: 300px) 100vw, 300px\" \/><\/span><\/strong><span style=\"font-size: 11pt;\"><span style=\"color: #ff0000;\"><strong><\/strong><\/span><\/span><\/p>\n<p><span style=\"font-size: 11pt;\"><span style=\"color: #ff0000;\"><strong>Jugend f\u00fchrt J<\/strong><\/span><\/span><span style=\"font-size: 11pt;\"><span style=\"color: #ff0000;\"><strong>ugend<\/strong><\/span><br \/>\nDie Betreuer\/innen (Gruppenf\u00fchrer) sind zwischen 15 und 18 Jahren alt. In diesem Alter ist der Altersunterschied nicht zu gro\u00df und die Betreuer\/innen k\u00f6nnen sie Sorgen und Probleme der Kinder und Jugendlichen am besten nachvollziehen. Sie sind keine Kinder mehr und sehen die Welt trotzdem noch nicht mit den Augen eines Erwachsenen.<br \/>\nDiese Mischung aus Vernunft und kindlicher Verspieltheit ist der Schl\u00fcssel dazu, als anerkanntes Gruppenmitglied aus der Gruppe heraus zu f\u00fchren und eine kameradschaftliche Bindung aufzubauen.<\/span><\/p>\n<p><span style=\"font-size: 11pt;\">Nun denkt ihr vielleicht, dass jedes Bundesmitglied mit 14 Jahren Gruppenf\u00fchrer werden kann? Selbstverst\u00e4ndlich nicht!<br \/>\n<strong>Eine Reihe weitere Qualifikationen sind daf\u00fcr notwendig.<\/strong><br \/>\n1. Mentale und soziale Kompetenz<br \/>\n2. Langj\u00e4hrige <strong>praktische Erfahrung<\/strong> in pfadfinder- und fahrtentypischen Praktiken<br \/>\n3. die erfolgreiche Teilnahme an unserer eigens ausgerichteten <strong>staatlich anerkannten Jugendgruppenleiterschulung<\/strong><br \/>\n4. einen <strong>gro\u00dfen Erste-Hilfe-Schein<\/strong><br \/>\n5. mindestens eine <strong>Rettungsschwimmerschein Bronze<\/strong><br \/>\n6. Au\u00dferdem: <strong>Weiterbildungen<\/strong> wie Erlebnisp\u00e4dagogikseminar oder Seminare zu sexualisierter Gewalt<\/span><\/p>\n<p><img loading=\"lazy\" decoding=\"async\" src=\"http:\/\/root.fpnordland.de\/fpn18\/wp-content\/uploads\/2018\/06\/30825648_10214400567641130_378562768_o-300x225.jpg\" alt=\"\" class=\"alignnone size-medium wp-image-50\" width=\"300\" height=\"225\" srcset=\"http:\/\/fpnordland.de\/wp-content\/uploads\/2018\/06\/30825648_10214400567641130_378562768_o-300x225.jpg 300w, http:\/\/fpnordland.de\/wp-content\/uploads\/2018\/06\/30825648_10214400567641130_378562768_o-768x576.jpg 768w, http:\/\/fpnordland.de\/wp-content\/uploads\/2018\/06\/30825648_10214400567641130_378562768_o-1024x768.jpg 1024w\" sizes=\"auto, (max-width: 300px) 100vw, 300px\" \/><\/p>\n<p><span style=\"color: #ff0000;\"><strong>Wer kann zu uns und was kostet mich das?<\/strong><\/span><\/p>\n<ul>\n<li><span style=\"font-size: 11pt;\">Jederzeit willkommen sind Kinder zwischen 7 und 14 Jahren<\/span><\/li>\n<li><span style=\"font-size: 11pt;\">dreimonatige kostenlose Kennenlernphase<\/span><\/li>\n<li><span style=\"font-size: 11pt;\">80 \u20ac im Jahr = &lt;7\u20ac im Monat<\/span><\/li>\n<li><span style=\"font-size: 11pt;\">Geschwistertarif: Das zweite Geschwisterkind zahlt nur die H\u00e4lfte<\/span><\/li>\n<li><span style=\"font-size: 11pt;\">Im Einzelfall ist eine Beitragsbefreiung m\u00f6glich<\/span><\/li>\n<li><span style=\"font-size: 11pt;\">Wochenendfahrten: Kosten ca. 6-12\u20ac<\/span><\/li>\n<li><span style=\"color: #ff0000;\"><strong>Teilnahme am Angebot der Bildungskarte<\/strong><\/span><\/li>\n<\/ul>\n<p><strong><span style=\"color: #ff0000;\"><img loading=\"lazy\" decoding=\"async\" src=\"http:\/\/root.fpnordland.de\/fpn18\/wp-content\/uploads\/2018\/06\/30849142_10214400567761133_897474596_o-300x225.jpg\" alt=\"\" class=\"alignnone size-medium wp-image-51\" width=\"300\" height=\"225\" srcset=\"http:\/\/fpnordland.de\/wp-content\/uploads\/2018\/06\/30849142_10214400567761133_897474596_o-300x225.jpg 300w, http:\/\/fpnordland.de\/wp-content\/uploads\/2018\/06\/30849142_10214400567761133_897474596_o-768x576.jpg 768w, http:\/\/fpnordland.de\/wp-content\/uploads\/2018\/06\/30849142_10214400567761133_897474596_o-1024x768.jpg 1024w\" sizes=\"auto, (max-width: 300px) 100vw, 300px\" \/><br \/>\nWie erreicht ihr uns?<\/span><br \/>\n<\/strong><span style=\"font-size: 11pt;\">Entweder meldet ihr euch bei der <span style=\"color: #000000;\"><a href=\"mailto:bundesfuehrer@fpnordland.de\" style=\"color: #000000;\">1. Vorsitzenden (Bundesf\u00fchrung) Hannah Beermann<\/a><\/span> oder bei <\/span><span style=\"font-size: 11pt;\">dem jeweiligen Stammesf\u00fchrer per Mail. Nat\u00fcrlich k\u00f6nnt ihr auch eine E-Mail an eine\/n Sippenf\u00fchrer\/in eurer Wahl schicken.<\/span><\/p>\n<p><span style=\"font-size: 11pt;\">\u00a0<img loading=\"lazy\" decoding=\"async\" src=\"http:\/\/root.fpnordland.de\/fpn18\/wp-content\/uploads\/2018\/06\/30946248_10214400568521152_1855544751_o-300x225.jpg\" alt=\"\" class=\"alignnone size-medium wp-image-60\" width=\"300\" height=\"225\" srcset=\"http:\/\/fpnordland.de\/wp-content\/uploads\/2018\/06\/30946248_10214400568521152_1855544751_o-300x225.jpg 300w, http:\/\/fpnordland.de\/wp-content\/uploads\/2018\/06\/30946248_10214400568521152_1855544751_o-768x576.jpg 768w, http:\/\/fpnordland.de\/wp-content\/uploads\/2018\/06\/30946248_10214400568521152_1855544751_o-1024x768.jpg 1024w\" sizes=\"auto, (max-width: 300px) 100vw, 300px\" \/><\/span><\/p>\n","protected":false},"excerpt":{"rendered":"<p>Was ist das besondere an uns? An erster Stelle steht bei uns nat\u00fcrlich der Spa\u00df und das Abenteuer: Spielen, Zelten, Wandern, Kanufahren, Lagerfeuer und noch vieles mehr! Einmal in der Woche findet ein 2-st\u00fcndiges Gruppentreffen (Heimabend) statt und es werden regelm\u00e4\u00dfige Wochenendfahrten organisiert. Schon 12-j\u00e4hrige k\u00f6nnen an unserer 3-w\u00f6chigen Sommergro\u00dffahrt [&hellip;]<\/p>\n","protected":false},"author":1,"featured_media":0,"parent":0,"menu_order":0,"comment_status":"closed","ping_status":"closed","template":"","meta":{"footnotes":""},"class_list":["post-34","page","type-page","status-publish","hentry"],"_links":{"self":[{"href":"http:\/\/fpnordland.de\/index.php?rest_route=\/wp\/v2\/pages\/34","targetHints":{"allow":["GET"]}}],"collection":[{"href":"http:\/\/fpnordland.de\/index.php?rest_route=\/wp\/v2\/pages"}],"about":[{"href":"http:\/\/fpnordland.de\/index.php?rest_route=\/wp\/v2\/types\/page"}],"author":[{"embeddable":true,"href":"http:\/\/fpnordland.de\/index.php?rest_route=\/wp\/v2\/users\/1"}],"replies":[{"embeddable":true,"href":"http:\/\/fpnordland.de\/index.php?rest_route=%2Fwp%2Fv2%2Fcomments&post=34"}],"version-history":[{"count":9,"href":"http:\/\/fpnordland.de\/index.php?rest_route=\/wp\/v2\/pages\/34\/revisions"}],"predecessor-version":[{"id":2295,"href":"http:\/\/fpnordland.de\/index.php?rest_route=\/wp\/v2\/pages\/34\/revisions\/2295"}],"wp:attachment":[{"href":"http:\/\/fpnordland.de\/index.php?rest_route=%2Fwp%2Fv2%2Fmedia&parent=34"}],"curies":[{"name":"wp","href":"https:\/\/api.w.org\/{rel}","templated":true}]}}