{"id":28,"date":"2018-06-08T23:03:37","date_gmt":"2018-06-08T21:03:37","guid":{"rendered":"http:\/\/root.fpnordland.de\/fpn18\/?page_id=28"},"modified":"2021-05-02T00:36:22","modified_gmt":"2021-05-01T22:36:22","slug":"kontakt","status":"publish","type":"page","link":"http:\/\/fpnordland.de\/?page_id=28","title":{"rendered":"Kontakt"},"content":{"rendered":"<p><span style=\"font-size: 11pt;\">..m\u00f6chtet ihr mehr Infos haben?<\/span><br \/>\n<span style=\"font-size: 11pt;\"> ..m\u00f6chtet <span>ihr <\/span>euch anmelden?<\/span><br \/>\n<span style=\"font-size: 11pt;\"> ..m\u00f6chtet <span>ihr <\/span>uns mal richtig die Meinung sagen?<\/span><br \/>\n<span style=\"font-size: 11pt;\">..habt ihr sonstige Fragen?<\/span><\/p>\n<p><strong><span style=\"font-size: 14pt; color: #ff0000;\">Dann schreibt uns!<\/span><\/strong><\/p>\n\n\n<div class=\"pirate_forms_container widget-no\" id=\"pirate_forms_container_default\">\n\t<!-- header -->\n\t\n\t<!-- thank you -->\n\t\n\t<div class=\"pirate_forms_wrap\">\n\t<!-- errors -->\n\t\n\t<!-- form -->\n\n\t\t<form\n\t\t\tmethod=\"post\"\n\t\t\tenctype=\"application\/x-www-form-urlencoded\"\n\t\t\tclass=\"pirate_forms  form_honeypot-on wordpress-nonce-on pirate-forms-contact-name-on pirate-forms-contact-email-on pirate-forms-contact-subject-on pirate-forms-contact-message-on pirate-forms-contact-submit-on pirate_forms_from_form-on\"\n\t\t\t\t\t>\n\t\t\t<div class=\"pirate_forms_three_inputs_wrap \">\n\t\n\n<div class=\"col-xs-12 pirate_forms_three_inputs form_field_wrap contact_name_wrap col-xs-12 col-sm-6 contact_name_wrap pirate_forms_three_inputs form_field_wrap\">\n\t\t<input type=\"text\" class=\"form-control\" id=\"pirate-forms-contact-name\" name=\"pirate-forms-contact-name\" class=\"\" placeholder=\"Name\" required oninvalid=\"this.setCustomValidity('Gib deinen Namen ein')\" onchange=\"this.setCustomValidity('')\" value=\"\" >\n<\/div>\n\n\n<div class=\"col-xs-12 pirate_forms_three_inputs form_field_wrap contact_email_wrap col-xs-12 col-sm-6 contact_email_wrap pirate_forms_three_inputs form_field_wrap\">\n\t\t<input type=\"email\" class=\"form-control\" id=\"pirate-forms-contact-email\" name=\"pirate-forms-contact-email\" class=\"\" placeholder=\"E-Mail\" required oninvalid=\"this.setCustomValidity('Enter valid email')\" onchange=\"this.setCustomValidity('')\" value=\"\" >\n<\/div>\n\n\n<div class=\"col-xs-12 pirate_forms_three_inputs form_field_wrap contact_subject_wrap col-xs-12 contact_subject_wrap pirate_forms_three_inputs form_field_wrap\">\n\t\t<input type=\"text\" class=\"form-control\" id=\"pirate-forms-contact-subject\" name=\"pirate-forms-contact-subject\" class=\"\" placeholder=\"Betreff\" required oninvalid=\"this.setCustomValidity('Gib bitte einen Betreff ein')\" onchange=\"this.setCustomValidity('')\" value=\"\" >\n<\/div>\n\t\t\t<\/div>\n\n\t\n\n<div class=\"col-xs-12 form_field_wrap contact_message_wrap col-xs-12 contact_message_wrap pirate_forms_three_inputs form_field_wrap\">\n\t\t<textarea rows=\"5\" cols=\"30\" class=\"form-control\" id=\"pirate-forms-contact-message\" name=\"pirate-forms-contact-message\" class=\"\" placeholder=\"Nachricht\" required oninvalid=\"this.setCustomValidity('Gib deine Frage oder Kommentar ein')\" onchange=\"this.setCustomValidity('')\" ><\/textarea>\n<\/div>\n\n\n<div class=\"col-xs-12 form_field_wrap contact_submit_wrap\">\n\t<button type=\"submit\" class=\"pirate-forms-submit-button btn btn-primary \" id=\"pirate-forms-contact-submit\" name=\"pirate-forms-contact-submit\" class=\"pirate-forms-submit-button btn btn-primary \" placeholder=\"\" >Nachricht senden<\/button>\n<\/div>\n<input type=\"hidden\" id=\"pirate_forms_ajax\" name=\"pirate_forms_ajax\" class=\"\" placeholder=\"\"  value=\"0\"><div class=\"form_field_wrap hidden\" style=\"display: none\"><input type=\"text\" id=\"form_honeypot\" name=\"honeypot\" class=\"\" placeholder=\"\"  value=\"\"><\/div><input type=\"hidden\" id=\"pirate_forms_from_widget\" name=\"pirate_forms_from_widget\" class=\"\" placeholder=\"\"  value=\"0\"><input type=\"hidden\" id=\"wordpress-nonce\" name=\"wordpress-nonce\" class=\"\" placeholder=\"\"  value=\"2644c9f27d\"><input type=\"hidden\" id=\"pirate_forms_from_form\" name=\"pirate_forms_from_form\" class=\"\" placeholder=\"\"  value=\"3c31997146\">\t\t<\/form>\n\n\t\n\t\t<div class=\"pirate_forms_clearfix\"><\/div>\n\t<\/div>\n\n\t<!-- footer -->\n\t\n<\/div>\n\n","protected":false},"excerpt":{"rendered":"<p>..m\u00f6chtet ihr mehr Infos haben? ..m\u00f6chtet ihr euch anmelden? ..m\u00f6chtet ihr uns mal richtig die Meinung sagen? ..habt ihr sonstige Fragen? Dann schreibt uns!<\/p>\n","protected":false},"author":1,"featured_media":0,"parent":0,"menu_order":0,"comment_status":"closed","ping_status":"closed","template":"","meta":{"footnotes":""},"class_list":["post-28","page","type-page","status-publish","hentry"],"_links":{"self":[{"href":"http:\/\/fpnordland.de\/index.php?rest_route=\/wp\/v2\/pages\/28","targetHints":{"allow":["GET"]}}],"collection":[{"href":"http:\/\/fpnordland.de\/index.php?rest_route=\/wp\/v2\/pages"}],"about":[{"href":"http:\/\/fpnordland.de\/index.php?rest_route=\/wp\/v2\/types\/page"}],"author":[{"embeddable":true,"href":"http:\/\/fpnordland.de\/index.php?rest_route=\/wp\/v2\/users\/1"}],"replies":[{"embeddable":true,"href":"http:\/\/fpnordland.de\/index.php?rest_route=%2Fwp%2Fv2%2Fcomments&post=28"}],"version-history":[{"count":5,"href":"http:\/\/fpnordland.de\/index.php?rest_route=\/wp\/v2\/pages\/28\/revisions"}],"predecessor-version":[{"id":448,"href":"http:\/\/fpnordland.de\/index.php?rest_route=\/wp\/v2\/pages\/28\/revisions\/448"}],"wp:attachment":[{"href":"http:\/\/fpnordland.de\/index.php?rest_route=%2Fwp%2Fv2%2Fmedia&parent=28"}],"curies":[{"name":"wp","href":"https:\/\/api.w.org\/{rel}","templated":true}]}}